{"id":99,"date":"2025-12-13T17:35:52","date_gmt":"2025-12-13T17:35:52","guid":{"rendered":"https:\/\/recovrlab.dk\/?page_id=99"},"modified":"2025-12-13T17:35:52","modified_gmt":"2025-12-13T17:35:52","slug":"hofte","status":"publish","type":"page","link":"https:\/\/recovrlab.dk\/?page_id=99","title":{"rendered":"HOFTE"},"content":{"rendered":"\n<h3 class=\"wp-block-heading\">Oplever du sp\u00e6ndinger eller smerter i hofterne?<\/h3>\n\n\n\n<p>Hofterne spiller en central rolle i kroppens bev\u00e6gelser og er ofte belastede hos b\u00e5de l\u00f8bere, cyklister og personer med stillesiddende arbejde. Stramme hofteb\u00f8jere, sp\u00e6ndte baller eller nedsat mobilitet kan give smerter og ubalance i kroppen.<\/p>\n\n\n\n<h3 class=\"wp-block-heading\">Hvordan p\u00e5virker det din sport?<\/h3>\n\n\n\n<p>Nedsat bev\u00e6gelighed i hofterne kan p\u00e5virke l\u00f8bestil, squat, spring og rotationer. Det kan f\u00f8re til kompensation i kn\u00e6, l\u00e6nd eller ryg og dermed \u00f8ge risikoen for skader.<\/p>\n\n\n\n<h3 class=\"wp-block-heading\">Hvordan kan sportsmassage hj\u00e6lpe?<\/h3>\n\n\n\n<p>Sportsmassage kan l\u00f8sne sp\u00e6ndinger i hofteomr\u00e5det og forbedre bev\u00e6geligheden. Ved at arbejde med b\u00e5de hofteb\u00f8jere og ballemuskulatur kan vi skabe bedre bev\u00e6gelsesfrihed og st\u00f8tte en mere effektiv og stabil bev\u00e6gelse.<\/p>\n","protected":false},"excerpt":{"rendered":"<p>Oplever du sp\u00e6ndinger eller smerter i hofterne? Hofterne spiller en central rolle i kroppens bev\u00e6gelser og er ofte belastede hos b\u00e5de l\u00f8bere, cyklister og personer med stillesiddende arbejde. Stramme hofteb\u00f8jere, sp\u00e6ndte baller eller nedsat mobilitet kan give smerter og ubalance i kroppen. Hvordan p\u00e5virker det din sport? Nedsat bev\u00e6gelighed i hofterne kan p\u00e5virke l\u00f8bestil, squat, [&hellip;]<\/p>\n","protected":false},"author":1,"featured_media":0,"parent":0,"menu_order":0,"comment_status":"closed","ping_status":"closed","template":"","meta":{"footnotes":""},"class_list":["post-99","page","type-page","status-publish","hentry"],"_links":{"self":[{"href":"https:\/\/recovrlab.dk\/index.php?rest_route=\/wp\/v2\/pages\/99","targetHints":{"allow":["GET"]}}],"collection":[{"href":"https:\/\/recovrlab.dk\/index.php?rest_route=\/wp\/v2\/pages"}],"about":[{"href":"https:\/\/recovrlab.dk\/index.php?rest_route=\/wp\/v2\/types\/page"}],"author":[{"embeddable":true,"href":"https:\/\/recovrlab.dk\/index.php?rest_route=\/wp\/v2\/users\/1"}],"replies":[{"embeddable":true,"href":"https:\/\/recovrlab.dk\/index.php?rest_route=%2Fwp%2Fv2%2Fcomments&post=99"}],"version-history":[{"count":1,"href":"https:\/\/recovrlab.dk\/index.php?rest_route=\/wp\/v2\/pages\/99\/revisions"}],"predecessor-version":[{"id":102,"href":"https:\/\/recovrlab.dk\/index.php?rest_route=\/wp\/v2\/pages\/99\/revisions\/102"}],"wp:attachment":[{"href":"https:\/\/recovrlab.dk\/index.php?rest_route=%2Fwp%2Fv2%2Fmedia&parent=99"}],"curies":[{"name":"wp","href":"https:\/\/api.w.org\/{rel}","templated":true}]}}