{"id":93,"date":"2025-12-13T17:28:25","date_gmt":"2025-12-13T17:28:25","guid":{"rendered":"https:\/\/recovrlab.dk\/?page_id=93"},"modified":"2025-12-13T17:28:25","modified_gmt":"2025-12-13T17:28:25","slug":"skulder","status":"publish","type":"page","link":"https:\/\/recovrlab.dk\/?page_id=93","title":{"rendered":"SKULDER"},"content":{"rendered":"\n<h3 class=\"wp-block-heading\">Oplever du skuldersmerter eller stivhed?<\/h3>\n\n\n\n<p>Skuldrene er involveret i mange bev\u00e6gelser \u2013 b\u00e5de i sport og i dagligdagen. Overbelastning, gentagne l\u00f8ft, ensidig tr\u00e6ning eller stillesiddende arbejde kan f\u00f8re til sp\u00e6ndinger, smerter eller nedsat funktion.<\/p>\n\n\n\n<h3 class=\"wp-block-heading\">Hvordan p\u00e5virker det din sport?<\/h3>\n\n\n\n<p>Skuldersmerter kan begr\u00e6nse din bev\u00e6gelighed og styrke, hvilket is\u00e6r p\u00e5virker sport med kast, pres, l\u00f8ft eller stabilitet i overkroppen. Det kan f\u00f8re til nedsat performance og \u00f8get risiko for skader.<\/p>\n\n\n\n<h3 class=\"wp-block-heading\">Hvordan kan sportsmassage hj\u00e6lpe?<\/h3>\n\n\n\n<p>Sportsmassage kan l\u00f8sne sp\u00e6ndt muskulatur omkring skulderen og \u00f8ge mobiliteten i omr\u00e5det. Ved at arbejde dybdeg\u00e5ende med de belastede muskler kan vi forbedre bev\u00e6gelseskvaliteten og skabe bedre foruds\u00e6tninger for tr\u00e6ning og pr\u00e6station.<\/p>\n","protected":false},"excerpt":{"rendered":"<p>Oplever du skuldersmerter eller stivhed? Skuldrene er involveret i mange bev\u00e6gelser \u2013 b\u00e5de i sport og i dagligdagen. Overbelastning, gentagne l\u00f8ft, ensidig tr\u00e6ning eller stillesiddende arbejde kan f\u00f8re til sp\u00e6ndinger, smerter eller nedsat funktion. Hvordan p\u00e5virker det din sport? Skuldersmerter kan begr\u00e6nse din bev\u00e6gelighed og styrke, hvilket is\u00e6r p\u00e5virker sport med kast, pres, l\u00f8ft eller [&hellip;]<\/p>\n","protected":false},"author":1,"featured_media":0,"parent":0,"menu_order":0,"comment_status":"closed","ping_status":"closed","template":"","meta":{"footnotes":""},"class_list":["post-93","page","type-page","status-publish","hentry"],"_links":{"self":[{"href":"https:\/\/recovrlab.dk\/index.php?rest_route=\/wp\/v2\/pages\/93","targetHints":{"allow":["GET"]}}],"collection":[{"href":"https:\/\/recovrlab.dk\/index.php?rest_route=\/wp\/v2\/pages"}],"about":[{"href":"https:\/\/recovrlab.dk\/index.php?rest_route=\/wp\/v2\/types\/page"}],"author":[{"embeddable":true,"href":"https:\/\/recovrlab.dk\/index.php?rest_route=\/wp\/v2\/users\/1"}],"replies":[{"embeddable":true,"href":"https:\/\/recovrlab.dk\/index.php?rest_route=%2Fwp%2Fv2%2Fcomments&post=93"}],"version-history":[{"count":1,"href":"https:\/\/recovrlab.dk\/index.php?rest_route=\/wp\/v2\/pages\/93\/revisions"}],"predecessor-version":[{"id":97,"href":"https:\/\/recovrlab.dk\/index.php?rest_route=\/wp\/v2\/pages\/93\/revisions\/97"}],"wp:attachment":[{"href":"https:\/\/recovrlab.dk\/index.php?rest_route=%2Fwp%2Fv2%2Fmedia&parent=93"}],"curies":[{"name":"wp","href":"https:\/\/api.w.org\/{rel}","templated":true}]}}