{"id":92,"date":"2025-12-13T17:29:30","date_gmt":"2025-12-13T17:29:30","guid":{"rendered":"https:\/\/recovrlab.dk\/?page_id=92"},"modified":"2025-12-13T17:29:30","modified_gmt":"2025-12-13T17:29:30","slug":"nakke","status":"publish","type":"page","link":"https:\/\/recovrlab.dk\/?page_id=92","title":{"rendered":"NAKKE"},"content":{"rendered":"\n<h3 class=\"wp-block-heading\">Oplever du nakkesmerter eller sp\u00e6ndinger?<\/h3>\n\n\n\n<p>Nakken er et omr\u00e5de, der ofte bliver overbelastet \u2013 b\u00e5de ved sport og i hverdagen. Sp\u00e6ndinger kan opst\u00e5 som f\u00f8lge af gentagne bev\u00e6gelser, d\u00e5rlig arbejdsstilling, stress eller ensidig belastning under tr\u00e6ning. Mange oplever ogs\u00e5 hovedpine, stivhed eller nedsat bev\u00e6gelighed som f\u00f8lge af nakkesp\u00e6ndinger.<\/p>\n\n\n\n<h3 class=\"wp-block-heading\">Hvordan p\u00e5virker det din sport?<\/h3>\n\n\n\n<p>En sp\u00e6ndt nakke kan p\u00e5virke din kropsholdning, vejrtr\u00e6kning og bev\u00e6gelseskvalitet. Det kan f\u00f8re til nedsat pr\u00e6station, hurtigere tr\u00e6thed og \u00f8get risiko for kompensationsskader andre steder i kroppen.<\/p>\n\n\n\n<h3 class=\"wp-block-heading\">Hvordan kan sportsmassage hj\u00e6lpe?<\/h3>\n\n\n\n<p>Ved sportsmassage arbejder vi m\u00e5lrettet med nakkens muskler og det omkringliggende bindev\u00e6v for at reducere sp\u00e6ndinger og \u00f8ge bev\u00e6geligheden. Behandlingen kan mindske smerter, forbedre blodcirkulationen og give en f\u00f8lelse af lethed og bedre kontrol i bev\u00e6gelserne.<\/p>\n","protected":false},"excerpt":{"rendered":"<p>Oplever du nakkesmerter eller sp\u00e6ndinger? Nakken er et omr\u00e5de, der ofte bliver overbelastet \u2013 b\u00e5de ved sport og i hverdagen. Sp\u00e6ndinger kan opst\u00e5 som f\u00f8lge af gentagne bev\u00e6gelser, d\u00e5rlig arbejdsstilling, stress eller ensidig belastning under tr\u00e6ning. Mange oplever ogs\u00e5 hovedpine, stivhed eller nedsat bev\u00e6gelighed som f\u00f8lge af nakkesp\u00e6ndinger. Hvordan p\u00e5virker det din sport? En sp\u00e6ndt [&hellip;]<\/p>\n","protected":false},"author":1,"featured_media":0,"parent":0,"menu_order":0,"comment_status":"closed","ping_status":"closed","template":"","meta":{"footnotes":""},"class_list":["post-92","page","type-page","status-publish","hentry"],"_links":{"self":[{"href":"https:\/\/recovrlab.dk\/index.php?rest_route=\/wp\/v2\/pages\/92","targetHints":{"allow":["GET"]}}],"collection":[{"href":"https:\/\/recovrlab.dk\/index.php?rest_route=\/wp\/v2\/pages"}],"about":[{"href":"https:\/\/recovrlab.dk\/index.php?rest_route=\/wp\/v2\/types\/page"}],"author":[{"embeddable":true,"href":"https:\/\/recovrlab.dk\/index.php?rest_route=\/wp\/v2\/users\/1"}],"replies":[{"embeddable":true,"href":"https:\/\/recovrlab.dk\/index.php?rest_route=%2Fwp%2Fv2%2Fcomments&post=92"}],"version-history":[{"count":1,"href":"https:\/\/recovrlab.dk\/index.php?rest_route=\/wp\/v2\/pages\/92\/revisions"}],"predecessor-version":[{"id":98,"href":"https:\/\/recovrlab.dk\/index.php?rest_route=\/wp\/v2\/pages\/92\/revisions\/98"}],"wp:attachment":[{"href":"https:\/\/recovrlab.dk\/index.php?rest_route=%2Fwp%2Fv2%2Fmedia&parent=92"}],"curies":[{"name":"wp","href":"https:\/\/api.w.org\/{rel}","templated":true}]}}