{"id":103,"date":"2025-12-13T17:38:41","date_gmt":"2025-12-13T17:38:41","guid":{"rendered":"https:\/\/recovrlab.dk\/?page_id=103"},"modified":"2025-12-13T17:38:41","modified_gmt":"2025-12-13T17:38:41","slug":"knae","status":"publish","type":"page","link":"https:\/\/recovrlab.dk\/?page_id=103","title":{"rendered":"KN\u00c6"},"content":{"rendered":"\n<h3 class=\"wp-block-heading\">Oplever du kn\u00e6smerter eller ubehag?<\/h3>\n\n\n\n<p>Kn\u00e6et er et af de mest belastede led i sport. Overbelastning, gentagne hop, l\u00f8b eller retningsskift kan f\u00f8re til smerter som fx springerkn\u00e6 eller generel irritation omkring kn\u00e6et.<\/p>\n\n\n\n<h3 class=\"wp-block-heading\">Hvordan p\u00e5virker det din sport?<\/h3>\n\n\n\n<p>Kn\u00e6smerter kan begr\u00e6nse din evne til at l\u00f8be, hoppe og skifte retning. Det kan f\u00f8re til nedsat pr\u00e6station og \u00f8get usikkerhed i bev\u00e6gelserne.<\/p>\n\n\n\n<h3 class=\"wp-block-heading\">Hvordan kan sportsmassage hj\u00e6lpe?<\/h3>\n\n\n\n<p>Sportsmassage arbejder ikke direkte p\u00e5 selve kn\u00e6leddet, men p\u00e5 de muskler og sener, der p\u00e5virker kn\u00e6ets funktion \u2013 s\u00e5som l\u00e5r, bagl\u00e5r og l\u00e6g. Ved at reducere sp\u00e6ndinger og forbedre muskelbalancen kan belastningen p\u00e5 kn\u00e6et mindskes.<\/p>\n","protected":false},"excerpt":{"rendered":"<p>Oplever du kn\u00e6smerter eller ubehag? Kn\u00e6et er et af de mest belastede led i sport. Overbelastning, gentagne hop, l\u00f8b eller retningsskift kan f\u00f8re til smerter som fx springerkn\u00e6 eller generel irritation omkring kn\u00e6et. Hvordan p\u00e5virker det din sport? Kn\u00e6smerter kan begr\u00e6nse din evne til at l\u00f8be, hoppe og skifte retning. Det kan f\u00f8re til nedsat [&hellip;]<\/p>\n","protected":false},"author":1,"featured_media":0,"parent":0,"menu_order":0,"comment_status":"closed","ping_status":"closed","template":"","meta":{"footnotes":""},"class_list":["post-103","page","type-page","status-publish","hentry"],"_links":{"self":[{"href":"https:\/\/recovrlab.dk\/index.php?rest_route=\/wp\/v2\/pages\/103","targetHints":{"allow":["GET"]}}],"collection":[{"href":"https:\/\/recovrlab.dk\/index.php?rest_route=\/wp\/v2\/pages"}],"about":[{"href":"https:\/\/recovrlab.dk\/index.php?rest_route=\/wp\/v2\/types\/page"}],"author":[{"embeddable":true,"href":"https:\/\/recovrlab.dk\/index.php?rest_route=\/wp\/v2\/users\/1"}],"replies":[{"embeddable":true,"href":"https:\/\/recovrlab.dk\/index.php?rest_route=%2Fwp%2Fv2%2Fcomments&post=103"}],"version-history":[{"count":1,"href":"https:\/\/recovrlab.dk\/index.php?rest_route=\/wp\/v2\/pages\/103\/revisions"}],"predecessor-version":[{"id":104,"href":"https:\/\/recovrlab.dk\/index.php?rest_route=\/wp\/v2\/pages\/103\/revisions\/104"}],"wp:attachment":[{"href":"https:\/\/recovrlab.dk\/index.php?rest_route=%2Fwp%2Fv2%2Fmedia&parent=103"}],"curies":[{"name":"wp","href":"https:\/\/api.w.org\/{rel}","templated":true}]}}